{"id":105,"date":"2019-06-26T21:19:23","date_gmt":"2019-06-26T19:19:23","guid":{"rendered":"https:\/\/mipanaderiaonline.com\/?page_id=105"},"modified":"2020-09-24T17:53:37","modified_gmt":"2020-09-24T15:53:37","slug":"contacto","status":"publish","type":"page","link":"https:\/\/mipanaderiaonline.com\/index.php\/contacto\/","title":{"rendered":"Contacto"},"content":{"rendered":"\n<p>Nuestro punto de producci\u00f3n y venta combina panader\u00eda obrador con tienda.<\/p>\n\n\n\n<figure><iframe loading=\"lazy\" src=\"https:\/\/www.google.com\/maps\/embed?pb=!1m14!1m8!1m3!1d11923.851912101!2d-0.8866159!3d41.6565419!3m2!1i1024!2i768!4f13.1!3m3!1m2!1s0x0%3A0xd612b9f64ed94d40!2sPanader%C3%ADa+San+Blas!5e0!3m2!1ses!2ses!4v1561642783330!5m2!1ses!2ses\" width=\"600\" height=\"450\" allowfullscreen=\"\"><\/iframe><\/figure>\n\n\n\n<p>Tambi\u00e9n estamos en el mercado central de Zaragoza, donde tras su <a href=\"https:\/\/www.elperiodicodearagon.com\/noticias\/aragon\/mercado-central-abre-sus-puertas_1407794.html\">exitosa inauguraci\u00f3n<\/a>, nos podr\u00e1 encontrar en nuestro puesto, en el n\u00famero 49.<\/p>\n\n\n\n<iframe loading=\"lazy\" src=\"https:\/\/www.google.com\/maps\/embed?pb=!1m18!1m12!1m3!1d745.246768376193!2d-0.8834797707763461!3d41.656021298702534!2m3!1f0!2f0!3f0!3m2!1i1024!2i768!4f13.1!3m3!1m2!1s0xd5914eb6b7de7f7%3A0x406dfd05958ece05!2sMercado%20de%20Lanuza%2C%2050003%20Zaragoza!5e0!3m2!1ses!2ses!4v1584522836176!5m2!1ses!2ses\" width=\"600\" height=\"450\" frameborder=\"0\" style=\"border:0;\" allowfullscreen=\"\" aria-hidden=\"false\" tabindex=\"0\"><\/iframe>\n\n\n\n<p>A continuaci\u00f3n se dispone el mapa que se proporciona en <a href=\"https:\/\/www.mercadocentralzaragoza.com\/es\/puestos-mercado-central-zaragoza.php#\">la p\u00e1gina oficial del mercado<\/a>.<\/p>\n\n\n\n<figure class=\"wp-block-image\"><img loading=\"lazy\" decoding=\"async\" width=\"1024\" height=\"451\" src=\"https:\/\/mipanaderiaonline.com\/wp-content\/uploads\/2020\/03\/mapa-d-1024x451.png\" alt=\"\" class=\"wp-image-3856\" srcset=\"https:\/\/mipanaderiaonline.com\/wp-content\/uploads\/2020\/03\/mapa-d-1024x451.png 1024w, https:\/\/mipanaderiaonline.com\/wp-content\/uploads\/2020\/03\/mapa-d-300x132.png 300w, https:\/\/mipanaderiaonline.com\/wp-content\/uploads\/2020\/03\/mapa-d-768x338.png 768w, https:\/\/mipanaderiaonline.com\/wp-content\/uploads\/2020\/03\/mapa-d-416x183.png 416w, https:\/\/mipanaderiaonline.com\/wp-content\/uploads\/2020\/03\/mapa-d.png 1200w\" sizes=\"auto, (max-width: 1024px) 100vw, 1024px\" \/><\/figure>\n\n\n\n<p>Puedes mandarnos un correo con el siguiente formulario, o si lo prefieres m\u00e1ndalo desde tu cuenta a admin@mipanaderiaonline.com<\/p>\n\n\n\n<div class=\"wpcf7 no-js\" id=\"wpcf7-f192-o1\" lang=\"es-ES\" dir=\"ltr\" data-wpcf7-id=\"192\">\n<div class=\"screen-reader-response\"><p role=\"status\" aria-live=\"polite\" aria-atomic=\"true\"><\/p> <ul><\/ul><\/div>\n<form action=\"\/index.php\/wp-json\/wp\/v2\/pages\/105#wpcf7-f192-o1\" method=\"post\" class=\"wpcf7-form init\" aria-label=\"Formulario de contacto\" novalidate=\"novalidate\" data-status=\"init\">\n<fieldset class=\"hidden-fields-container\"><input type=\"hidden\" name=\"_wpcf7\" value=\"192\" \/><input type=\"hidden\" name=\"_wpcf7_version\" value=\"6.1.3\" \/><input type=\"hidden\" name=\"_wpcf7_locale\" value=\"es_ES\" \/><input type=\"hidden\" name=\"_wpcf7_unit_tag\" value=\"wpcf7-f192-o1\" \/><input type=\"hidden\" name=\"_wpcf7_container_post\" value=\"0\" \/><input type=\"hidden\" name=\"_wpcf7_posted_data_hash\" value=\"\" \/>\n<\/fieldset>\n<p><label> Tu nombre (requerido)<br \/>\n<span class=\"wpcf7-form-control-wrap\" data-name=\"your-name\"><input size=\"40\" maxlength=\"400\" class=\"wpcf7-form-control wpcf7-text wpcf7-validates-as-required\" aria-required=\"true\" aria-invalid=\"false\" value=\"\" type=\"text\" name=\"your-name\" \/><\/span> <\/label>\n<\/p>\n<p><label> Tu correo electr\u00f3nico (requerido)<br \/>\n<span class=\"wpcf7-form-control-wrap\" data-name=\"your-email\"><input size=\"40\" maxlength=\"400\" class=\"wpcf7-form-control wpcf7-email wpcf7-validates-as-required wpcf7-text wpcf7-validates-as-email\" aria-required=\"true\" aria-invalid=\"false\" value=\"\" type=\"email\" name=\"your-email\" \/><\/span> <\/label>\n<\/p>\n<p><label> Asunto<br \/>\n<span class=\"wpcf7-form-control-wrap\" data-name=\"your-subject\"><input size=\"40\" maxlength=\"400\" class=\"wpcf7-form-control wpcf7-text\" aria-invalid=\"false\" value=\"\" type=\"text\" name=\"your-subject\" \/><\/span> <\/label>\n<\/p>\n<p><label> Tu mensaje<br \/>\n<span class=\"wpcf7-form-control-wrap\" data-name=\"your-message\"><textarea cols=\"40\" rows=\"10\" maxlength=\"2000\" class=\"wpcf7-form-control wpcf7-textarea\" aria-invalid=\"false\" name=\"your-message\"><\/textarea><\/span> <\/label>\n<\/p>\n<p><span><span class=\"wpcf7-form-control-wrap\" data-name=\"acceptance-279\"><span class=\"wpcf7-form-control wpcf7-acceptance\"><span class=\"wpcf7-list-item\"><input type=\"checkbox\" name=\"acceptance-279\" value=\"1\" aria-invalid=\"false\" \/><\/span><\/span><\/span> He le\u00eddo y acepto el <a target=\"_blank\" rel=\"nofollow noopener noreferrer\" href=\"https:\/\/mipanaderiaonline.com\/index.php\/avisos-legales\/\">Aviso Legal<\/a> y la <a target=\"_blank\" rel=\"nofollow noopener noreferrer\" href=\"https:\/\/mipanaderiaonline.com\/index.php\/avisos-legales\/\">Pol\u00edtica de Privacidad<\/a>.<\/span><br \/>\n<input class=\"wpcf7-form-control wpcf7-submit has-spinner\" type=\"submit\" value=\"Enviar\" \/>\n<\/p><div class=\"wpcf7-response-output\" aria-hidden=\"true\"><\/div>\n<\/form>\n<\/div>\n\n","protected":false},"excerpt":{"rendered":"<p>Nuestro punto de producci\u00f3n y venta combina panader\u00eda obrador con tienda. Tambi\u00e9n estamos en el mercado central de Zaragoza, donde tras su exitosa inauguraci\u00f3n, nos podr\u00e1 encontrar en nuestro puesto, en el n\u00famero 49. A continuaci\u00f3n se dispone el mapa que se proporciona en la p\u00e1gina oficial del mercado. Puedes mandarnos un correo con el [&hellip;]<\/p>\n","protected":false},"author":1,"featured_media":0,"parent":0,"menu_order":60,"comment_status":"closed","ping_status":"closed","template":"","meta":{"footnotes":""},"class_list":["post-105","page","type-page","status-publish","hentry"],"_links":{"self":[{"href":"https:\/\/mipanaderiaonline.com\/index.php\/wp-json\/wp\/v2\/pages\/105","targetHints":{"allow":["GET"]}}],"collection":[{"href":"https:\/\/mipanaderiaonline.com\/index.php\/wp-json\/wp\/v2\/pages"}],"about":[{"href":"https:\/\/mipanaderiaonline.com\/index.php\/wp-json\/wp\/v2\/types\/page"}],"author":[{"embeddable":true,"href":"https:\/\/mipanaderiaonline.com\/index.php\/wp-json\/wp\/v2\/users\/1"}],"replies":[{"embeddable":true,"href":"https:\/\/mipanaderiaonline.com\/index.php\/wp-json\/wp\/v2\/comments?post=105"}],"version-history":[{"count":14,"href":"https:\/\/mipanaderiaonline.com\/index.php\/wp-json\/wp\/v2\/pages\/105\/revisions"}],"predecessor-version":[{"id":6906,"href":"https:\/\/mipanaderiaonline.com\/index.php\/wp-json\/wp\/v2\/pages\/105\/revisions\/6906"}],"wp:attachment":[{"href":"https:\/\/mipanaderiaonline.com\/index.php\/wp-json\/wp\/v2\/media?parent=105"}],"curies":[{"name":"wp","href":"https:\/\/api.w.org\/{rel}","templated":true}]}}