{"id":37,"date":"2019-06-26T19:42:14","date_gmt":"2019-06-26T17:42:14","guid":{"rendered":"https:\/\/mipanaderiaonline.com\/?page_id=37"},"modified":"2020-04-06T17:35:01","modified_gmt":"2020-04-06T15:35:01","slug":"portada","status":"publish","type":"page","link":"https:\/\/mipanaderiaonline.com\/index.php\/portada\/","title":{"rendered":"Panader\u00eda San Blas"},"content":{"rendered":"<p>La hoy conocida como panader\u00eda San Blas remonta sus inicios en el pueblo pirenaico de Caladrones, aproximadamente en el a\u00f1o 1912, regida por entonces por Antonio Ferrer, desde donde emprendi\u00f3 un viaje de mejora y constante renovaci\u00f3n acompa\u00f1ado de su hijo Hip\u00f3lito Ferrer, a lo largo de su carrera fund\u00f3 y traspas\u00f3 seis panader\u00edas, su trayectoria pas\u00f3 por pueblos pirenaicos aragoneses como Santorens, desde all\u00ed pas\u00f3 a establecerese en la regi\u00f3n de Teruel, m\u00e1s concretamente en Campillo de Arag\u00f3n, de donde pas\u00f3 a Jaraba para posteriormente seguir en El poyo del Cid, Navarrete del R\u00edo y finalmente asentarse en la inmortal ciudad de Zaragoza en 1978, donde se fund\u00f3 con ayuda de sus dos hijas, la panader\u00eda San Blas nombre de la misma calle donde se ubica en un establecimiento enigm\u00e1tico del casco urbano cercano a la plaza del Pilar.<\/p>\n<p>Desde esta ubicaci\u00f3n ha estado suministrando productos de panader\u00eda durante mas de 10 a\u00f1os en el puesto n\u00famero 168 del antiguo <a href=\"https:\/\/www.zaragoza.es\/sede\/servicio\/equipamiento\/2452\">Mercado Central<\/a> de Lanuza (recientemente reformado) y donde se siguen suministrando sus productos, actualmente existen a disposici\u00f3n del publico dos <a href=\"https:\/\/mipanaderiaonline.com\/index.php\/contacto\/\">puntos de venta<\/a> en Zaragoza, uno en la mencionada Calle San Blas en el n\u00famero 64-66, y otro en el reci\u00e9n inaugurado Mercado Central de Zaragoza, concretamente en el puesto 49.<\/p>\n<p>Nos complace anunciar que, gracias a las nuevas tecnolog\u00edas, la revoluci\u00f3n inform\u00e1tica y un nuevo impulso regenerador, la Panader\u00eda San Blas anuncia su nueva l\u00ednea de venta directa, tanto para peque\u00f1as y medianas empresas como para colectivos y particulares, posibilidad de recogida en tienda o envi\u00f3 nacional. No lo dudes y ponte en contacto con nosotros, tenemos obrador propio y podemos ofrecer piezas \u00fanicas que no est\u00e1n en el cat\u00e1logo online as\u00ed como descuentos y promociones para pedidos continuados ya sea de peque\u00f1a o gran cuant\u00eda.<\/p>\n<p>Aqu\u00ed esta nuestro catalogo con la mayor\u00eda de nuestros productos, tenga en cuenta que este catalogo esta enfocado a distribuidores y mayoristas, las ventas a particulares online se limitan a lo ofrecido en la secci\u00f3n de <a href=\"https:\/\/mipanaderiaonline.com\/\">tienda.<\/a><\/p>\n<p>Puede descargar el catalogo haciendo click abajo.<\/p>\n<p><a href=\"https:\/\/mipanaderiaonline.com\/wp-content\/uploads\/2019\/07\/triptico.jpg\">Haz clic aqu\u00ed para descargar el archivo.<\/a><\/p>\n","protected":false},"excerpt":{"rendered":"<p>La hoy conocida como panader\u00eda San Blas remonta sus inicios en el pueblo pirenaico de Caladrones, aproximadamente en el a\u00f1o 1912, regida por entonces por Antonio Ferrer, desde donde emprendi\u00f3 un viaje de mejora y constante renovaci\u00f3n acompa\u00f1ado de su hijo Hip\u00f3lito Ferrer, a lo largo de su carrera fund\u00f3 y traspas\u00f3 seis panader\u00edas, su [&hellip;]<\/p>\n","protected":false},"author":1,"featured_media":0,"parent":0,"menu_order":20,"comment_status":"closed","ping_status":"closed","template":"template-fullwidth.php","meta":{"footnotes":""},"class_list":["post-37","page","type-page","status-publish","hentry"],"_links":{"self":[{"href":"https:\/\/mipanaderiaonline.com\/index.php\/wp-json\/wp\/v2\/pages\/37","targetHints":{"allow":["GET"]}}],"collection":[{"href":"https:\/\/mipanaderiaonline.com\/index.php\/wp-json\/wp\/v2\/pages"}],"about":[{"href":"https:\/\/mipanaderiaonline.com\/index.php\/wp-json\/wp\/v2\/types\/page"}],"author":[{"embeddable":true,"href":"https:\/\/mipanaderiaonline.com\/index.php\/wp-json\/wp\/v2\/users\/1"}],"replies":[{"embeddable":true,"href":"https:\/\/mipanaderiaonline.com\/index.php\/wp-json\/wp\/v2\/comments?post=37"}],"version-history":[{"count":30,"href":"https:\/\/mipanaderiaonline.com\/index.php\/wp-json\/wp\/v2\/pages\/37\/revisions"}],"predecessor-version":[{"id":4336,"href":"https:\/\/mipanaderiaonline.com\/index.php\/wp-json\/wp\/v2\/pages\/37\/revisions\/4336"}],"wp:attachment":[{"href":"https:\/\/mipanaderiaonline.com\/index.php\/wp-json\/wp\/v2\/media?parent=37"}],"curies":[{"name":"wp","href":"https:\/\/api.w.org\/{rel}","templated":true}]}}