{"id":117,"date":"2019-06-27T12:24:00","date_gmt":"2019-06-27T10:24:00","guid":{"rendered":"https:\/\/mipanaderiaonline.com\/?post_type=product&#038;p=117"},"modified":"2026-04-23T13:30:03","modified_gmt":"2026-04-23T11:30:03","slug":"galletas-integrales-de-espelta-con-chocolate","status":"publish","type":"product","link":"https:\/\/mipanaderiaonline.com\/index.php\/producto\/galletas-integrales-de-espelta-con-chocolate\/","title":{"rendered":"Galletas integrales de espelta con chocolate."},"content":{"rendered":"<p>Deliciosas galletas integrales con pepitas de chocolate negro suizo incre\u00edblemente sabrosas y nutritivas. Fuente natural de fibra gracias al grano entero molido de la espelta.<\/p>\n<p>Ingredientes: Harina integral de espelta*, aceite de girasol, huevos camperos, pepitas de chocolate suizo (Az\u00facar, Pasta de cacao, Manteca de cacao, lecitina de soja, Vainillina) y az\u00facar integral. (*)\u00a0 Procedente de agricultura ecol\u00f3gica. Peso aproximado por unidad 35 gramos, dimensiones 9 cm di\u00e1metro por 1,5 cm altura. Peso y medidas de las galletas individuales aproximados puesto que todo en nuestro obrador se hace a mano con amor.<\/p>\n<p>Al\u00e9rgenos: Huevos, cereales con gluten.<\/p>\n<p>Informaci\u00f3n nutricional por cada 100 gramos: Prote\u00ednas 7,75gr; Carbohidratos 40,27gr; Grasas 30,32gr; Grasas saturadas 5,74gr; Fibra 4,28gr; Az\u00facares 17,31gr.<\/p>\n","protected":false},"excerpt":{"rendered":"<p>Precio:<\/p>\n<p>6,25\u00a0\u20ac<\/p>\n<p>Bolsas de 300 gramos (aprox).<\/p>\n","protected":false},"featured_media":118,"comment_status":"open","ping_status":"closed","template":"","meta":[],"product_brand":[],"product_cat":[20],"product_tag":[],"class_list":{"0":"post-117","1":"product","2":"type-product","3":"status-publish","4":"has-post-thumbnail","6":"product_cat-reposteria-casera-tradicional-artesana","8":"first","9":"instock","10":"taxable","11":"shipping-taxable","12":"purchasable","13":"product-type-simple"},"_links":{"self":[{"href":"https:\/\/mipanaderiaonline.com\/index.php\/wp-json\/wp\/v2\/product\/117","targetHints":{"allow":["GET"]}}],"collection":[{"href":"https:\/\/mipanaderiaonline.com\/index.php\/wp-json\/wp\/v2\/product"}],"about":[{"href":"https:\/\/mipanaderiaonline.com\/index.php\/wp-json\/wp\/v2\/types\/product"}],"replies":[{"embeddable":true,"href":"https:\/\/mipanaderiaonline.com\/index.php\/wp-json\/wp\/v2\/comments?post=117"}],"wp:featuredmedia":[{"embeddable":true,"href":"https:\/\/mipanaderiaonline.com\/index.php\/wp-json\/wp\/v2\/media\/118"}],"wp:attachment":[{"href":"https:\/\/mipanaderiaonline.com\/index.php\/wp-json\/wp\/v2\/media?parent=117"}],"wp:term":[{"taxonomy":"product_brand","embeddable":true,"href":"https:\/\/mipanaderiaonline.com\/index.php\/wp-json\/wp\/v2\/product_brand?post=117"},{"taxonomy":"product_cat","embeddable":true,"href":"https:\/\/mipanaderiaonline.com\/index.php\/wp-json\/wp\/v2\/product_cat?post=117"},{"taxonomy":"product_tag","embeddable":true,"href":"https:\/\/mipanaderiaonline.com\/index.php\/wp-json\/wp\/v2\/product_tag?post=117"}],"curies":[{"name":"wp","href":"https:\/\/api.w.org\/{rel}","templated":true}]}}