{"id":136,"date":"2019-06-27T13:39:09","date_gmt":"2019-06-27T11:39:09","guid":{"rendered":"https:\/\/mipanaderiaonline.com\/?post_type=product&#038;p=136"},"modified":"2026-04-23T13:38:03","modified_gmt":"2026-04-23T11:38:03","slug":"galletas-integrales-de-espelta-con-chocolate-copia","status":"publish","type":"product","link":"https:\/\/mipanaderiaonline.com\/index.php\/producto\/galletas-integrales-de-espelta-con-chocolate-copia\/","title":{"rendered":"Galletas integrales de espelta con s\u00e9samo, lino y avena."},"content":{"rendered":"<p>Deliciosas galletas integrales, hemos sustituido las pepitas de chocolate suizo por cereales y semillas. No pueden ser mas sanas y nutritivas, ideales para deportistas, fuente natural de calcio; gracias al s\u00e9samo e incluso omega 3 procedente del lino.<\/p>\n<p>Ingredientes: Harina integral de espelta*, aceite de girasol, huevos camperos, avena, az\u00facar integral, s\u00e9samo y lino.\u00a0 (*)\u00a0 Procedente de agricultura ecol\u00f3gica. Peso aproximado por unidad 35 gramos, dimensiones 9 cm di\u00e1metro por 1,5 cm altura. Peso y medidas de las galletas individuales aproximados puesto que todo en nuestro obrador se hace a mano con amor.<\/p>\n<p>Al\u00e9rgenos: Huevos, cereales con gluten, s\u00e9samo.<\/p>\n<p>Informaci\u00f3n nutricional por cada 100 gramos: Prote\u00ednas 9,97gr; Carbohidratos 36,4gr; Grasas 31,55gr; Grasas saturadas 3,86gr; Fibra 6,20gr; Az\u00facares 8,59gr.<\/p>\n","protected":false},"excerpt":{"rendered":"<p>Precio:<\/p>\n<p>6,25 \u20ac Bolsitas de 300 gramos (aprox).<\/p>\n","protected":false},"featured_media":141,"comment_status":"open","ping_status":"closed","template":"","meta":[],"product_brand":[],"product_cat":[20],"product_tag":[],"class_list":{"0":"post-136","1":"product","2":"type-product","3":"status-publish","4":"has-post-thumbnail","6":"product_cat-reposteria-casera-tradicional-artesana","8":"first","9":"instock","10":"taxable","11":"shipping-taxable","12":"purchasable","13":"product-type-simple"},"_links":{"self":[{"href":"https:\/\/mipanaderiaonline.com\/index.php\/wp-json\/wp\/v2\/product\/136","targetHints":{"allow":["GET"]}}],"collection":[{"href":"https:\/\/mipanaderiaonline.com\/index.php\/wp-json\/wp\/v2\/product"}],"about":[{"href":"https:\/\/mipanaderiaonline.com\/index.php\/wp-json\/wp\/v2\/types\/product"}],"replies":[{"embeddable":true,"href":"https:\/\/mipanaderiaonline.com\/index.php\/wp-json\/wp\/v2\/comments?post=136"}],"wp:featuredmedia":[{"embeddable":true,"href":"https:\/\/mipanaderiaonline.com\/index.php\/wp-json\/wp\/v2\/media\/141"}],"wp:attachment":[{"href":"https:\/\/mipanaderiaonline.com\/index.php\/wp-json\/wp\/v2\/media?parent=136"}],"wp:term":[{"taxonomy":"product_brand","embeddable":true,"href":"https:\/\/mipanaderiaonline.com\/index.php\/wp-json\/wp\/v2\/product_brand?post=136"},{"taxonomy":"product_cat","embeddable":true,"href":"https:\/\/mipanaderiaonline.com\/index.php\/wp-json\/wp\/v2\/product_cat?post=136"},{"taxonomy":"product_tag","embeddable":true,"href":"https:\/\/mipanaderiaonline.com\/index.php\/wp-json\/wp\/v2\/product_tag?post=136"}],"curies":[{"name":"wp","href":"https:\/\/api.w.org\/{rel}","templated":true}]}}