{"id":155,"date":"2019-06-27T14:40:37","date_gmt":"2019-06-27T12:40:37","guid":{"rendered":"https:\/\/mipanaderiaonline.com\/?post_type=product&#038;p=155"},"modified":"2026-04-24T12:06:26","modified_gmt":"2026-04-24T10:06:26","slug":"mantecados-tradicionales-rebozados-en-azucar","status":"publish","type":"product","link":"https:\/\/mipanaderiaonline.com\/index.php\/producto\/mantecados-tradicionales-rebozados-en-azucar\/","title":{"rendered":"Mantecados tradicionales envueltos en az\u00facar."},"content":{"rendered":"<p>Los mantecados de origen andaluz, unos dicen que de Estepa, otros que de Antequera. La verdad al igual que con las <a href=\"https:\/\/mipanaderiaonline.com\/index.php\/producto\/magdalenas\/\">magdalenas <\/a>nos importa poco realmente de donde viene la receta, lo que si nos importa es su textura y sabor. Como si de una masa de mil hojas se tratase, nuestros mantecados hechos con manteca de cerdo se mantienen irresistiblemente tiernos como una nube hasta el momento de consumirlos.<\/p>\n<p>Ingredientes: Harina de trigo, agua, manteca de cerdo, levadura, az\u00facar (solo cobertura) sal. Peso aproximado por unidad 25 gramos, dimensiones 6 cm de lado por 6 cm por 3 cm altura. La forma puede variar.<\/p>\n<p>Al\u00e9rgenos: cereales con gluten.<\/p>\n<p>Informaci\u00f3n nutricional por cada 100 gramos: Prote\u00ednas 2,82gr; Carbohidratos 33,41gr; Grasas 43,86gr; Grasas saturadas 15,44gr; Az\u00facares 12,43gr.<\/p>\n","protected":false},"excerpt":{"rendered":"<p>Precio:<\/p>\n<p>5,20\u20ac<\/p>\n<p>Bolsitas de 300 gramos (aprox).<\/p>\n","protected":false},"featured_media":7751,"comment_status":"open","ping_status":"closed","template":"","meta":[],"product_brand":[],"product_cat":[20],"product_tag":[],"class_list":{"0":"post-155","1":"product","2":"type-product","3":"status-publish","4":"has-post-thumbnail","6":"product_cat-reposteria-casera-tradicional-artesana","8":"first","9":"instock","10":"taxable","11":"shipping-taxable","12":"purchasable","13":"product-type-simple"},"_links":{"self":[{"href":"https:\/\/mipanaderiaonline.com\/index.php\/wp-json\/wp\/v2\/product\/155","targetHints":{"allow":["GET"]}}],"collection":[{"href":"https:\/\/mipanaderiaonline.com\/index.php\/wp-json\/wp\/v2\/product"}],"about":[{"href":"https:\/\/mipanaderiaonline.com\/index.php\/wp-json\/wp\/v2\/types\/product"}],"replies":[{"embeddable":true,"href":"https:\/\/mipanaderiaonline.com\/index.php\/wp-json\/wp\/v2\/comments?post=155"}],"wp:featuredmedia":[{"embeddable":true,"href":"https:\/\/mipanaderiaonline.com\/index.php\/wp-json\/wp\/v2\/media\/7751"}],"wp:attachment":[{"href":"https:\/\/mipanaderiaonline.com\/index.php\/wp-json\/wp\/v2\/media?parent=155"}],"wp:term":[{"taxonomy":"product_brand","embeddable":true,"href":"https:\/\/mipanaderiaonline.com\/index.php\/wp-json\/wp\/v2\/product_brand?post=155"},{"taxonomy":"product_cat","embeddable":true,"href":"https:\/\/mipanaderiaonline.com\/index.php\/wp-json\/wp\/v2\/product_cat?post=155"},{"taxonomy":"product_tag","embeddable":true,"href":"https:\/\/mipanaderiaonline.com\/index.php\/wp-json\/wp\/v2\/product_tag?post=155"}],"curies":[{"name":"wp","href":"https:\/\/api.w.org\/{rel}","templated":true}]}}