{"id":160,"date":"2019-06-27T15:27:05","date_gmt":"2019-06-27T13:27:05","guid":{"rendered":"https:\/\/mipanaderiaonline.com\/?post_type=product&#038;p=160"},"modified":"2026-04-28T11:36:02","modified_gmt":"2026-04-28T09:36:02","slug":"hogaza-de-trigo","status":"publish","type":"product","link":"https:\/\/mipanaderiaonline.com\/index.php\/producto\/hogaza-de-trigo\/","title":{"rendered":"Hogaza de harina de trigo refinada\/integral 100%"},"content":{"rendered":"<p>La pieza de pan por excelencia, conocida por sus capacidades para mantenerse tierna debido a su abundante miga, perfecta para no tener que usar platos en barbacoas o excursiones, tambi\u00e9n es perfecta para preparar tostadas, suele cortarse en porciones de dos tipos: la que posee una gran superficie de costra, y aquella que tiene una forma de rebanada. La vendemos sin cortar ya que as\u00ed preserva la humedad sin adici\u00f3n de productos qu\u00edmicos.<\/p>\n<p>Disponibles hogazas de trigo tanto integral 100% como refinado.<\/p>\n<p>Ingredientes de la hogaza de trigo refinado: Agua, harina de trigo refinada, masa madre (harina de trigo refinada, agua, sal) sal, levadura.<br \/>\nDimensiones: Hogaza de 500 gramos, 38 cm de lado, por 18 cm de ancho, por 10 cm altura. Pan de cinta de 250 gramos 25 cm de lado por 14 cm, por 10 cm altura.<\/p>\n<p>Ingredientes de la hogaza de trigo integral: Agua, harina de trigo integral, masa madre (harina de trigo integral, agua) levadura. Peso aproximado por unidad 500 gramos, dimensiones 28 cm de lado por 12 cm por 8 cm altura.<\/p>\n<p>Al\u00e9rgenos: Cereales con gluten.<\/p>\n","protected":false},"excerpt":{"rendered":"<p>Precios:<\/p>\n<p>Hogaza de trigo refinado: 3,15\u20ac<\/p>\n<p>Hogaza de trigo integral 100%: 2,85\u20ac<\/p>\n<p>Pesos aproximados 500gr, corte no incluido.<\/p>\n","protected":false},"featured_media":7768,"comment_status":"open","ping_status":"closed","template":"","meta":[],"product_brand":[],"product_cat":[21],"product_tag":[],"class_list":{"0":"post-160","1":"product","2":"type-product","3":"status-publish","4":"has-post-thumbnail","6":"product_cat-panaderia-tradicional-artesana-casera","8":"first","9":"instock","10":"taxable","11":"shipping-taxable","12":"purchasable","13":"product-type-simple"},"_links":{"self":[{"href":"https:\/\/mipanaderiaonline.com\/index.php\/wp-json\/wp\/v2\/product\/160","targetHints":{"allow":["GET"]}}],"collection":[{"href":"https:\/\/mipanaderiaonline.com\/index.php\/wp-json\/wp\/v2\/product"}],"about":[{"href":"https:\/\/mipanaderiaonline.com\/index.php\/wp-json\/wp\/v2\/types\/product"}],"replies":[{"embeddable":true,"href":"https:\/\/mipanaderiaonline.com\/index.php\/wp-json\/wp\/v2\/comments?post=160"}],"wp:featuredmedia":[{"embeddable":true,"href":"https:\/\/mipanaderiaonline.com\/index.php\/wp-json\/wp\/v2\/media\/7768"}],"wp:attachment":[{"href":"https:\/\/mipanaderiaonline.com\/index.php\/wp-json\/wp\/v2\/media?parent=160"}],"wp:term":[{"taxonomy":"product_brand","embeddable":true,"href":"https:\/\/mipanaderiaonline.com\/index.php\/wp-json\/wp\/v2\/product_brand?post=160"},{"taxonomy":"product_cat","embeddable":true,"href":"https:\/\/mipanaderiaonline.com\/index.php\/wp-json\/wp\/v2\/product_cat?post=160"},{"taxonomy":"product_tag","embeddable":true,"href":"https:\/\/mipanaderiaonline.com\/index.php\/wp-json\/wp\/v2\/product_tag?post=160"}],"curies":[{"name":"wp","href":"https:\/\/api.w.org\/{rel}","templated":true}]}}