{"id":3933,"date":"2020-03-29T20:51:58","date_gmt":"2020-03-29T18:51:58","guid":{"rendered":"https:\/\/mipanaderiaonline.com\/?post_type=product&#038;p=3933"},"modified":"2020-11-26T16:20:50","modified_gmt":"2020-11-26T15:20:50","slug":"barra-de-trigo-envio-solo-zaragoza","status":"publish","type":"product","link":"https:\/\/mipanaderiaonline.com\/index.php\/producto\/barra-de-trigo-envio-solo-zaragoza\/","title":{"rendered":"Barra de trigo refinado\/integral."},"content":{"rendered":"<p>Si la <a href=\"https:\/\/mipanaderiaonline.com\/index.php\/producto\/hogaza-de-trigo\/\">hogaza<\/a> es la pieza de pan por excelencia la barra de trigo se queda atr\u00e1s por muy poco, es al igual que la ca\u00f1ada de aceite una de las mas vendidas, la barra es indispensable para una salida con bocadillos o para hacer peque\u00f1os montaditos.<\/p>\n<p>Disponibles barra de trigo tanto integral como refinado.<\/p>\n<p>Ingredientes de la barra de trigo refinado: Agua, harina de trigo refinada, masa madre (harina de trigo refinada, agua, sal), sal, levadura.<br \/>\nPeso aproximado por barra de 250 gramos, dimensiones 50 cm de lado por 9 cm por 5 cm altura.<\/p>\n<p>Ingredientes de la barra de trigo integral: Agua, harina de trigo integral, masa madre (harina de trigo integral, agua, sal), sal, levadura. Peso aproximado por unidad 265 gramos, dimensiones 45 cm de lado por 8 cm por 5 cm altura.<\/p>\n<p>Al\u00e9rgenos: Cereales con gluten.<\/p>\n","protected":false},"excerpt":{"rendered":"<p>Precio: 0,80\u20ac por barra. Pesos aproximados, corte no incluido.<\/p>\n","protected":false},"featured_media":4108,"comment_status":"open","ping_status":"closed","template":"","meta":[],"product_brand":[],"product_cat":[21],"product_tag":[],"class_list":{"0":"post-3933","1":"product","2":"type-product","3":"status-publish","4":"has-post-thumbnail","6":"product_cat-panaderia-tradicional-artesana-casera","8":"first","9":"instock","10":"taxable","11":"shipping-taxable","12":"purchasable","13":"product-type-variable"},"_links":{"self":[{"href":"https:\/\/mipanaderiaonline.com\/index.php\/wp-json\/wp\/v2\/product\/3933","targetHints":{"allow":["GET"]}}],"collection":[{"href":"https:\/\/mipanaderiaonline.com\/index.php\/wp-json\/wp\/v2\/product"}],"about":[{"href":"https:\/\/mipanaderiaonline.com\/index.php\/wp-json\/wp\/v2\/types\/product"}],"replies":[{"embeddable":true,"href":"https:\/\/mipanaderiaonline.com\/index.php\/wp-json\/wp\/v2\/comments?post=3933"}],"wp:featuredmedia":[{"embeddable":true,"href":"https:\/\/mipanaderiaonline.com\/index.php\/wp-json\/wp\/v2\/media\/4108"}],"wp:attachment":[{"href":"https:\/\/mipanaderiaonline.com\/index.php\/wp-json\/wp\/v2\/media?parent=3933"}],"wp:term":[{"taxonomy":"product_brand","embeddable":true,"href":"https:\/\/mipanaderiaonline.com\/index.php\/wp-json\/wp\/v2\/product_brand?post=3933"},{"taxonomy":"product_cat","embeddable":true,"href":"https:\/\/mipanaderiaonline.com\/index.php\/wp-json\/wp\/v2\/product_cat?post=3933"},{"taxonomy":"product_tag","embeddable":true,"href":"https:\/\/mipanaderiaonline.com\/index.php\/wp-json\/wp\/v2\/product_tag?post=3933"}],"curies":[{"name":"wp","href":"https:\/\/api.w.org\/{rel}","templated":true}]}}