{"id":3954,"date":"2020-03-30T11:20:49","date_gmt":"2020-03-30T09:20:49","guid":{"rendered":"https:\/\/mipanaderiaonline.com\/?post_type=product&#038;p=3954"},"modified":"2026-04-24T12:16:28","modified_gmt":"2026-04-24T10:16:28","slug":"pan-de-harina-integral-de-centeno","status":"publish","type":"product","link":"https:\/\/mipanaderiaonline.com\/index.php\/producto\/pan-de-harina-integral-de-centeno\/","title":{"rendered":"Hogaza harina integral de centeno."},"content":{"rendered":"<p>Aun desconocido para muchos, el pan de centeno a sido siempre muy valorado por diversas culturas a lo largo de los siglos y hoy aun se resiste a caer en el olvido, obviamente no es todo 100% harina integral de centeno ya que esta es muy pesada y seria necesaria la adici\u00f3n de impulsores qu\u00edmicos para su correcta panificaci\u00f3n, en cambio hemos optado por mezclar en una proporci\u00f3n del 70% harina integral de centeno y el resto harina de trigo refinada y masa madre de trigo refinada, el resultado es espectacular, no te quedes sin probarlo.<\/p>\n<p>Disponible en hogaza y barra.<\/p>\n<p>Ingredientes: Agua, harina de centeno integral, harina de trigo refinada, masa madre (harina de trigo refinada, agua, sal), sal, levadura.<\/p>\n<p>Dimensiones: Hogaza de 350 gramos aprox. 26 cm de lado por 10 cm por 6 cm altura.<\/p>\n<p>Barra de 280 gramos aprox. 45 cm de lado por 8,5 cm por 5 cm altura.<\/p>\n<p>Al\u00e9rgenos: Cereales con gluten.<\/p>\n","protected":false},"excerpt":{"rendered":"<p>Precio:<\/p>\n<p>2,85 Hogaza.<\/p>\n<p>1,75\u20ac Barra<\/p>\n<p>Pesos aproximados, corte no incluido.<\/p>\n","protected":false},"featured_media":7750,"comment_status":"open","ping_status":"closed","template":"","meta":[],"product_brand":[],"product_cat":[21],"product_tag":[],"class_list":{"0":"post-3954","1":"product","2":"type-product","3":"status-publish","4":"has-post-thumbnail","6":"product_cat-panaderia-tradicional-artesana-casera","8":"first","9":"instock","10":"taxable","11":"shipping-taxable","12":"purchasable","13":"product-type-simple"},"_links":{"self":[{"href":"https:\/\/mipanaderiaonline.com\/index.php\/wp-json\/wp\/v2\/product\/3954","targetHints":{"allow":["GET"]}}],"collection":[{"href":"https:\/\/mipanaderiaonline.com\/index.php\/wp-json\/wp\/v2\/product"}],"about":[{"href":"https:\/\/mipanaderiaonline.com\/index.php\/wp-json\/wp\/v2\/types\/product"}],"replies":[{"embeddable":true,"href":"https:\/\/mipanaderiaonline.com\/index.php\/wp-json\/wp\/v2\/comments?post=3954"}],"wp:featuredmedia":[{"embeddable":true,"href":"https:\/\/mipanaderiaonline.com\/index.php\/wp-json\/wp\/v2\/media\/7750"}],"wp:attachment":[{"href":"https:\/\/mipanaderiaonline.com\/index.php\/wp-json\/wp\/v2\/media?parent=3954"}],"wp:term":[{"taxonomy":"product_brand","embeddable":true,"href":"https:\/\/mipanaderiaonline.com\/index.php\/wp-json\/wp\/v2\/product_brand?post=3954"},{"taxonomy":"product_cat","embeddable":true,"href":"https:\/\/mipanaderiaonline.com\/index.php\/wp-json\/wp\/v2\/product_cat?post=3954"},{"taxonomy":"product_tag","embeddable":true,"href":"https:\/\/mipanaderiaonline.com\/index.php\/wp-json\/wp\/v2\/product_tag?post=3954"}],"curies":[{"name":"wp","href":"https:\/\/api.w.org\/{rel}","templated":true}]}}