{"id":3967,"date":"2020-03-30T11:56:54","date_gmt":"2020-03-30T09:56:54","guid":{"rendered":"https:\/\/mipanaderiaonline.com\/?post_type=product&#038;p=3967"},"modified":"2026-04-25T11:22:13","modified_gmt":"2026-04-25T09:22:13","slug":"canada-de-aceite-azucar","status":"publish","type":"product","link":"https:\/\/mipanaderiaonline.com\/index.php\/producto\/canada-de-aceite-azucar\/","title":{"rendered":"Ca\u00f1ada de aceite\/az\u00facar."},"content":{"rendered":"<p>Una de las m\u00e1s populares, desde que empezamos a hacerlas hace a\u00f1os han sido muy bien recibidas. \u00bfSer\u00e1 porque no se pueden hacer con m\u00e1quina? De hecho ya cuesta encontrarlas por el mismo motivo. Su elaboraci\u00f3n ha de hacerse manualmente, como tantas otras cosas que ofrecemos en nuestro obrador. Tenemos dos versiones, ca\u00f1adas de aceite de oliva virgen o de az\u00facar y aceite de oliva virgen, ambas hechas a mano con la misma masa que usamos para las <a href=\"https:\/\/mipanaderiaonline.com\/index.php\/producto\/hogaza-de-trigo\/\">hogazas<\/a> y las <a href=\"https:\/\/mipanaderiaonline.com\/index.php\/producto\/barra-de-trigo-envio-solo-zaragoza\/\">barras de harina de trigro<\/a> refinada.<\/p>\n<p>Ingredientes ca\u00f1ada de aceite: Agua, harina de trigo refinada, masa madre (harina de trigo refinada, agua, sal) sal, aceite de oliva virgen extra, levadura.<br \/>\nIngredientes ca\u00f1ada de az\u00facar: Agua, harina de trigo refinada, masa madre (harina de trigo refinada, agua, sal) sal, az\u00facar, aceite de oliva virgen extra, levadura.<br \/>\nAmbas tienen las mismas dimensiones: 33 cm de lado por 18 cm y por 3 cm altura aproximadamente. Ca\u00f1ada de aceite peso: 265 gramos. Ca\u00f1ada de aceite y az\u00facar 325 gramos.<\/p>\n<p>Al\u00e9rgenos: Cereales con gluten.<\/p>\n","protected":false},"excerpt":{"rendered":"<p>Precio:<\/p>\n<p>Ca\u00f1ada de aceite de oliva virgen extra 1,85\u20ac<\/p>\n<p>Ca\u00f1ada de az\u00facar y aceite virgen extra 3,15\u20ac.<\/p>\n<p>Pesos aproximados, corte no incluido.<\/p>\n","protected":false},"featured_media":4105,"comment_status":"open","ping_status":"closed","template":"","meta":[],"product_brand":[],"product_cat":[21],"product_tag":[],"class_list":{"0":"post-3967","1":"product","2":"type-product","3":"status-publish","4":"has-post-thumbnail","6":"product_cat-panaderia-tradicional-artesana-casera","8":"first","9":"instock","10":"taxable","11":"shipping-taxable","12":"purchasable","13":"product-type-simple"},"_links":{"self":[{"href":"https:\/\/mipanaderiaonline.com\/index.php\/wp-json\/wp\/v2\/product\/3967","targetHints":{"allow":["GET"]}}],"collection":[{"href":"https:\/\/mipanaderiaonline.com\/index.php\/wp-json\/wp\/v2\/product"}],"about":[{"href":"https:\/\/mipanaderiaonline.com\/index.php\/wp-json\/wp\/v2\/types\/product"}],"replies":[{"embeddable":true,"href":"https:\/\/mipanaderiaonline.com\/index.php\/wp-json\/wp\/v2\/comments?post=3967"}],"wp:featuredmedia":[{"embeddable":true,"href":"https:\/\/mipanaderiaonline.com\/index.php\/wp-json\/wp\/v2\/media\/4105"}],"wp:attachment":[{"href":"https:\/\/mipanaderiaonline.com\/index.php\/wp-json\/wp\/v2\/media?parent=3967"}],"wp:term":[{"taxonomy":"product_brand","embeddable":true,"href":"https:\/\/mipanaderiaonline.com\/index.php\/wp-json\/wp\/v2\/product_brand?post=3967"},{"taxonomy":"product_cat","embeddable":true,"href":"https:\/\/mipanaderiaonline.com\/index.php\/wp-json\/wp\/v2\/product_cat?post=3967"},{"taxonomy":"product_tag","embeddable":true,"href":"https:\/\/mipanaderiaonline.com\/index.php\/wp-json\/wp\/v2\/product_tag?post=3967"}],"curies":[{"name":"wp","href":"https:\/\/api.w.org\/{rel}","templated":true}]}}