{"id":3970,"date":"2020-03-30T12:16:35","date_gmt":"2020-03-30T10:16:35","guid":{"rendered":"https:\/\/mipanaderiaonline.com\/?post_type=product&#038;p=3970"},"modified":"2026-04-27T11:32:48","modified_gmt":"2026-04-27T09:32:48","slug":"barra-de-multicereales","status":"publish","type":"product","link":"https:\/\/mipanaderiaonline.com\/index.php\/producto\/barra-de-multicereales\/","title":{"rendered":"Barra de multicereales"},"content":{"rendered":"<p>\u00bfTe gusta el pan de cereales? Cuando hablan de pan de cereales se suelen referir a una t\u00edmida capa de cereales cubriendo una pieza de toda la vida. Nosotros hemos revolucionado el concepto de pan de cereales, un pan que es pr\u00e1cticamente puro cereal en su interior, tostado por fuera, jugoso y h\u00famedo por dentro, aguanta genial, tambi\u00e9n puedes abrirlo por la mitad y terminar de tostarlo para disfrutar del aut\u00e9ntico sabor de cereales tostados. Se puede comer de una manera infinita de formas y nuestros clientes nos han dado buena cuenta de ello durante todos estos a\u00f1os.<\/p>\n<p>Ingredientes: Avena, s\u00e9samo, lino, pipas de girasol y calabaza, agua, masa madre (harina de trigo integral, agua). Peso aproximado por barra de 210 gramos, dimensiones 30 cm de lado por 6,5 cm por 3 cm altura.<\/p>\n<p>Al\u00e9rgenos: Cereales con gluten.<\/p>\n","protected":false},"excerpt":{"rendered":"<p>Precio: 1,85\u20ac por barra. Pesos aproximados, corte no incluido.<\/p>\n","protected":false},"featured_media":7759,"comment_status":"open","ping_status":"closed","template":"","meta":[],"product_brand":[],"product_cat":[21],"product_tag":[],"class_list":{"0":"post-3970","1":"product","2":"type-product","3":"status-publish","4":"has-post-thumbnail","6":"product_cat-panaderia-tradicional-artesana-casera","8":"first","9":"instock","10":"taxable","11":"shipping-taxable","12":"purchasable","13":"product-type-simple"},"_links":{"self":[{"href":"https:\/\/mipanaderiaonline.com\/index.php\/wp-json\/wp\/v2\/product\/3970","targetHints":{"allow":["GET"]}}],"collection":[{"href":"https:\/\/mipanaderiaonline.com\/index.php\/wp-json\/wp\/v2\/product"}],"about":[{"href":"https:\/\/mipanaderiaonline.com\/index.php\/wp-json\/wp\/v2\/types\/product"}],"replies":[{"embeddable":true,"href":"https:\/\/mipanaderiaonline.com\/index.php\/wp-json\/wp\/v2\/comments?post=3970"}],"wp:featuredmedia":[{"embeddable":true,"href":"https:\/\/mipanaderiaonline.com\/index.php\/wp-json\/wp\/v2\/media\/7759"}],"wp:attachment":[{"href":"https:\/\/mipanaderiaonline.com\/index.php\/wp-json\/wp\/v2\/media?parent=3970"}],"wp:term":[{"taxonomy":"product_brand","embeddable":true,"href":"https:\/\/mipanaderiaonline.com\/index.php\/wp-json\/wp\/v2\/product_brand?post=3970"},{"taxonomy":"product_cat","embeddable":true,"href":"https:\/\/mipanaderiaonline.com\/index.php\/wp-json\/wp\/v2\/product_cat?post=3970"},{"taxonomy":"product_tag","embeddable":true,"href":"https:\/\/mipanaderiaonline.com\/index.php\/wp-json\/wp\/v2\/product_tag?post=3970"}],"curies":[{"name":"wp","href":"https:\/\/api.w.org\/{rel}","templated":true}]}}