{"id":4049,"date":"2020-03-30T16:21:51","date_gmt":"2020-03-30T14:21:51","guid":{"rendered":"https:\/\/mipanaderiaonline.com\/?post_type=product&#038;p=4049"},"modified":"2026-04-24T11:15:59","modified_gmt":"2026-04-24T09:15:59","slug":"huevos-ecologicos-de-torre-jirauta","status":"publish","type":"product","link":"https:\/\/mipanaderiaonline.com\/index.php\/producto\/huevos-ecologicos-de-torre-jirauta\/","title":{"rendered":"Huevos ecol\u00f3gicos de Torre Jirauta."},"content":{"rendered":"<p>Huevos ecol\u00f3gicos procedentes de la granja Torre Jirauta, productores de huevos ecol\u00f3gicos, situada junto a Pe\u00f1aflor, en la provincia de Zaragoza, Espa\u00f1a.<\/p>\n<p>El certificado ecol\u00f3gico se puede descargar <a href=\"https:\/\/mipanaderiaonline.com\/wp-content\/uploads\/2020\/03\/Certificado-SohisCert-2019-2020.pdf\">aqu\u00ed.<\/a><\/p>\n<p>Se puede acumular con otros productos para envio gratis.<\/p>\n","protected":false},"excerpt":{"rendered":"<p>Huevos ecol\u00f3gicos. Precio:<\/p>\n<p>Media docena: 2,50\u20ac<\/p>\n<p>Docena: 5\u20ac<\/p>\n","protected":false},"featured_media":7747,"comment_status":"open","ping_status":"closed","template":"","meta":[],"product_brand":[],"product_cat":[32],"product_tag":[],"class_list":{"0":"post-4049","1":"product","2":"type-product","3":"status-publish","4":"has-post-thumbnail","6":"product_cat-huevos-ecologicos-torrejirauta","8":"first","9":"instock","10":"taxable","11":"shipping-taxable","12":"purchasable","13":"product-type-simple"},"_links":{"self":[{"href":"https:\/\/mipanaderiaonline.com\/index.php\/wp-json\/wp\/v2\/product\/4049","targetHints":{"allow":["GET"]}}],"collection":[{"href":"https:\/\/mipanaderiaonline.com\/index.php\/wp-json\/wp\/v2\/product"}],"about":[{"href":"https:\/\/mipanaderiaonline.com\/index.php\/wp-json\/wp\/v2\/types\/product"}],"replies":[{"embeddable":true,"href":"https:\/\/mipanaderiaonline.com\/index.php\/wp-json\/wp\/v2\/comments?post=4049"}],"wp:featuredmedia":[{"embeddable":true,"href":"https:\/\/mipanaderiaonline.com\/index.php\/wp-json\/wp\/v2\/media\/7747"}],"wp:attachment":[{"href":"https:\/\/mipanaderiaonline.com\/index.php\/wp-json\/wp\/v2\/media?parent=4049"}],"wp:term":[{"taxonomy":"product_brand","embeddable":true,"href":"https:\/\/mipanaderiaonline.com\/index.php\/wp-json\/wp\/v2\/product_brand?post=4049"},{"taxonomy":"product_cat","embeddable":true,"href":"https:\/\/mipanaderiaonline.com\/index.php\/wp-json\/wp\/v2\/product_cat?post=4049"},{"taxonomy":"product_tag","embeddable":true,"href":"https:\/\/mipanaderiaonline.com\/index.php\/wp-json\/wp\/v2\/product_tag?post=4049"}],"curies":[{"name":"wp","href":"https:\/\/api.w.org\/{rel}","templated":true}]}}