{"id":7753,"date":"2026-04-24T12:46:07","date_gmt":"2026-04-24T10:46:07","guid":{"rendered":"https:\/\/mipanaderiaonline.com\/?post_type=product&#038;p=7753"},"modified":"2026-04-25T11:09:57","modified_gmt":"2026-04-25T09:09:57","slug":"mollete-sin-corteza","status":"publish","type":"product","link":"https:\/\/mipanaderiaonline.com\/index.php\/producto\/mollete-sin-corteza\/","title":{"rendered":"Mollete"},"content":{"rendered":"<p>El mollete, blandito blandito, para los m\u00e1s peque\u00f1os, para enc\u00edas sensibles o <strong class=\"svelte-x57wqa\"><span class=\"svelte-x57wqa\">\u00a1<\/span><\/strong>porque te gusta as\u00ed!, puesto que no tiene corteza y todo \u00e9l es blandito como la miga. Es elaborado con la misma masa que el panecillo, perfecto tambi\u00e9n para hamburguesas. La \u00fanica diferencia es su ternura y que brilla porque est\u00e1 pintado suavemente con huevo por arriba.<\/p>\n<p>Ingredientes: Agua, harina de trigo refinada, masa madre (harina de trigo refinada, agua, sal) sal, levadura.<br \/>\nPeso aproximado por panecillo de 80 gramos, dimensiones 12 cm de di\u00e1metro por 6 cm altura.<\/p>\n<p>Al\u00e9rgenos: Cereales con gluten. Huevo (solo en cobertura).<\/p>\n","protected":false},"excerpt":{"rendered":"<p>Peso aproximado por panecillo de 80 gramos<\/p>\n<p>Precio: 0,65\u20ac<\/p>\n","protected":false},"featured_media":7754,"comment_status":"open","ping_status":"closed","template":"","meta":[],"product_brand":[],"product_cat":[21],"product_tag":[],"class_list":{"0":"post-7753","1":"product","2":"type-product","3":"status-publish","4":"has-post-thumbnail","6":"product_cat-panaderia-tradicional-artesana-casera","8":"first","9":"instock","10":"taxable","11":"shipping-taxable","12":"purchasable","13":"product-type-simple"},"_links":{"self":[{"href":"https:\/\/mipanaderiaonline.com\/index.php\/wp-json\/wp\/v2\/product\/7753","targetHints":{"allow":["GET"]}}],"collection":[{"href":"https:\/\/mipanaderiaonline.com\/index.php\/wp-json\/wp\/v2\/product"}],"about":[{"href":"https:\/\/mipanaderiaonline.com\/index.php\/wp-json\/wp\/v2\/types\/product"}],"replies":[{"embeddable":true,"href":"https:\/\/mipanaderiaonline.com\/index.php\/wp-json\/wp\/v2\/comments?post=7753"}],"wp:featuredmedia":[{"embeddable":true,"href":"https:\/\/mipanaderiaonline.com\/index.php\/wp-json\/wp\/v2\/media\/7754"}],"wp:attachment":[{"href":"https:\/\/mipanaderiaonline.com\/index.php\/wp-json\/wp\/v2\/media?parent=7753"}],"wp:term":[{"taxonomy":"product_brand","embeddable":true,"href":"https:\/\/mipanaderiaonline.com\/index.php\/wp-json\/wp\/v2\/product_brand?post=7753"},{"taxonomy":"product_cat","embeddable":true,"href":"https:\/\/mipanaderiaonline.com\/index.php\/wp-json\/wp\/v2\/product_cat?post=7753"},{"taxonomy":"product_tag","embeddable":true,"href":"https:\/\/mipanaderiaonline.com\/index.php\/wp-json\/wp\/v2\/product_tag?post=7753"}],"curies":[{"name":"wp","href":"https:\/\/api.w.org\/{rel}","templated":true}]}}